{"id":34,"date":"2025-02-13T12:02:47","date_gmt":"2025-02-13T11:02:47","guid":{"rendered":"https:\/\/intertalents.fr\/index.php\/front_page\/"},"modified":"2025-02-13T21:44:35","modified_gmt":"2025-02-13T20:44:35","slug":"front_page","status":"publish","type":"page","link":"https:\/\/intertalents.fr\/","title":{"rendered":"Home"},"content":{"rendered":"\t\t<div data-elementor-type=\"wp-page\" data-elementor-id=\"34\" class=\"elementor elementor-34\">\n\t\t\t\t<div class=\"elementor-element elementor-element-1515101 e-flex e-con-boxed e-con e-parent\" data-id=\"1515101\" data-element_type=\"container\" data-e-type=\"container\">\n\t\t\t\t\t<div class=\"e-con-inner\">\n\t\t\t\t<div class=\"elementor-element elementor-element-7cb24a6 elementor-widget elementor-widget-heading\" data-id=\"7cb24a6\" data-element_type=\"widget\" data-e-type=\"widget\" data-widget_type=\"heading.default\">\n\t\t\t\t<div class=\"elementor-widget-container\">\n\t\t\t\t\t<h2 class=\"elementor-heading-title elementor-size-default\">Les d\u00e9fis<\/h2>\t\t\t\t<\/div>\n\t\t\t\t<\/div>\n\t\t\t\t\t<\/div>\n\t\t\t\t<\/div>\n\t\t<div class=\"elementor-element elementor-element-1ab118f e-flex e-con-boxed e-con e-parent\" data-id=\"1ab118f\" data-element_type=\"container\" data-e-type=\"container\">\n\t\t\t\t\t<div class=\"e-con-inner\">\n\t\t\t\t<div class=\"elementor-element elementor-element-af60f13 elementor-widget elementor-widget-spacer\" data-id=\"af60f13\" data-element_type=\"widget\" data-e-type=\"widget\" data-widget_type=\"spacer.default\">\n\t\t\t\t<div class=\"elementor-widget-container\">\n\t\t\t\t\t\t\t<div class=\"elementor-spacer\">\n\t\t\t<div class=\"elementor-spacer-inner\"><\/div>\n\t\t<\/div>\n\t\t\t\t\t\t<\/div>\n\t\t\t\t<\/div>\n\t\t\t\t\t<\/div>\n\t\t\t\t<\/div>\n\t\t<div class=\"elementor-element elementor-element-4a3e9fc e-grid e-con-boxed e-con e-parent\" data-id=\"4a3e9fc\" data-element_type=\"container\" data-e-type=\"container\">\n\t\t\t\t\t<div class=\"e-con-inner\">\n\t\t\t\t<div class=\"elementor-element elementor-element-1ee139a elementor-widget elementor-widget-image\" data-id=\"1ee139a\" data-element_type=\"widget\" data-e-type=\"widget\" data-widget_type=\"image.default\">\n\t\t\t\t<div class=\"elementor-widget-container\">\n\t\t\t\t\t\t\t\t\t\t\t\t\t\t\t<img fetchpriority=\"high\" decoding=\"async\" width=\"645\" height=\"609\" src=\"https:\/\/intertalents.fr\/wp-content\/uploads\/2025\/02\/noun-entrepreneurs-3685813-e1739459371267.png\" class=\"attachment-large size-large wp-image-234\" alt=\"\" srcset=\"https:\/\/intertalents.fr\/wp-content\/uploads\/2025\/02\/noun-entrepreneurs-3685813-e1739459371267.png 645w, https:\/\/intertalents.fr\/wp-content\/uploads\/2025\/02\/noun-entrepreneurs-3685813-e1739459371267-300x283.png 300w\" sizes=\"(max-width: 645px) 100vw, 645px\" \/>\t\t\t\t\t\t\t\t\t\t\t\t\t\t\t<\/div>\n\t\t\t\t<\/div>\n\t\t\t\t<div class=\"elementor-element elementor-element-a64287a elementor-widget elementor-widget-image\" data-id=\"a64287a\" data-element_type=\"widget\" data-e-type=\"widget\" data-widget_type=\"image.default\">\n\t\t\t\t<div class=\"elementor-widget-container\">\n\t\t\t\t\t\t\t\t\t\t\t\t\t\t\t<img decoding=\"async\" width=\"608\" height=\"610\" src=\"https:\/\/intertalents.fr\/wp-content\/uploads\/2025\/02\/noun-homeless-6992132-e1739460531240.png\" class=\"attachment-full size-full wp-image-251\" alt=\"\" srcset=\"https:\/\/intertalents.fr\/wp-content\/uploads\/2025\/02\/noun-homeless-6992132-e1739460531240.png 608w, https:\/\/intertalents.fr\/wp-content\/uploads\/2025\/02\/noun-homeless-6992132-e1739460531240-300x300.png 300w, https:\/\/intertalents.fr\/wp-content\/uploads\/2025\/02\/noun-homeless-6992132-e1739460531240-150x150.png 150w\" sizes=\"(max-width: 608px) 100vw, 608px\" \/>\t\t\t\t\t\t\t\t\t\t\t\t\t\t\t<\/div>\n\t\t\t\t<\/div>\n\t\t\t\t<div class=\"elementor-element elementor-element-13f771a elementor-widget elementor-widget-image\" data-id=\"13f771a\" data-element_type=\"widget\" data-e-type=\"widget\" data-widget_type=\"image.default\">\n\t\t\t\t<div class=\"elementor-widget-container\">\n\t\t\t\t\t\t\t\t\t\t\t\t\t\t\t<img decoding=\"async\" width=\"636\" height=\"608\" src=\"https:\/\/intertalents.fr\/wp-content\/uploads\/2025\/02\/noun-unknown-file-711836-1-e1739460119765.png\" class=\"attachment-large size-large wp-image-250\" alt=\"\" srcset=\"https:\/\/intertalents.fr\/wp-content\/uploads\/2025\/02\/noun-unknown-file-711836-1-e1739460119765.png 636w, https:\/\/intertalents.fr\/wp-content\/uploads\/2025\/02\/noun-unknown-file-711836-1-e1739460119765-300x287.png 300w\" sizes=\"(max-width: 636px) 100vw, 636px\" \/>\t\t\t\t\t\t\t\t\t\t\t\t\t\t\t<\/div>\n\t\t\t\t<\/div>\n\t\t\t\t<div class=\"elementor-element elementor-element-062c7e2 elementor-widget elementor-widget-text-editor\" data-id=\"062c7e2\" data-element_type=\"widget\" data-e-type=\"widget\" data-widget_type=\"text-editor.default\">\n\t\t\t\t<div class=\"elementor-widget-container\">\n\t\t\t\t\t\t\t\t\t<p><strong>En France, 4,5 millions des 18-30 ans sont d\u00e9j\u00e0 entrepreneurs ou souhaitent le devenir.<\/strong> Bpifrance, 2023<\/p>\t\t\t\t\t\t\t\t<\/div>\n\t\t\t\t<\/div>\n\t\t\t\t<div class=\"elementor-element elementor-element-72d6df9 elementor-widget elementor-widget-text-editor\" data-id=\"72d6df9\" data-element_type=\"widget\" data-e-type=\"widget\" data-widget_type=\"text-editor.default\">\n\t\t\t\t<div class=\"elementor-widget-container\">\n\t\t\t\t\t\t\t\t\t<p><strong>60% des entrepreneurs d\u00e9clarent se sentir seuls face \u00e0 leur d\u00e9fi.<\/strong><br \/>INSEE \/ Observatoire de l\u2019Entrepreneuriat<\/p>\t\t\t\t\t\t\t\t<\/div>\n\t\t\t\t<\/div>\n\t\t\t\t<div class=\"elementor-element elementor-element-d643dc3 elementor-widget elementor-widget-text-editor\" data-id=\"d643dc3\" data-element_type=\"widget\" data-e-type=\"widget\" data-widget_type=\"text-editor.default\">\n\t\t\t\t<div class=\"elementor-widget-container\">\n\t\t\t\t\t\t\t\t\t<p><b>80% des projets \u00e9chouent par manque de clients et de march\u00e9. <\/b>Projet RtR, 2020-2022<\/p>\t\t\t\t\t\t\t\t<\/div>\n\t\t\t\t<\/div>\n\t\t\t\t\t<\/div>\n\t\t\t\t<\/div>\n\t\t<div class=\"elementor-element elementor-element-a7ff42e e-flex e-con-boxed e-con e-parent\" data-id=\"a7ff42e\" data-element_type=\"container\" data-e-type=\"container\">\n\t\t\t\t\t<div class=\"e-con-inner\">\n\t\t\t\t<div class=\"elementor-element elementor-element-a442bc4 elementor-widget elementor-widget-spacer\" data-id=\"a442bc4\" data-element_type=\"widget\" data-e-type=\"widget\" data-widget_type=\"spacer.default\">\n\t\t\t\t<div class=\"elementor-widget-container\">\n\t\t\t\t\t\t\t<div class=\"elementor-spacer\">\n\t\t\t<div class=\"elementor-spacer-inner\"><\/div>\n\t\t<\/div>\n\t\t\t\t\t\t<\/div>\n\t\t\t\t<\/div>\n\t\t\t\t\t<\/div>\n\t\t\t\t<\/div>\n\t\t<div class=\"elementor-element elementor-element-b3407b0 e-flex e-con-boxed e-con e-parent\" data-id=\"b3407b0\" data-element_type=\"container\" data-e-type=\"container\">\n\t\t\t\t\t<div class=\"e-con-inner\">\n\t\t\t\t<div class=\"elementor-element elementor-element-449296b elementor-widget elementor-widget-heading\" data-id=\"449296b\" data-element_type=\"widget\" data-e-type=\"widget\" data-widget_type=\"heading.default\">\n\t\t\t\t<div class=\"elementor-widget-container\">\n\t\t\t\t\t<h2 class=\"elementor-heading-title elementor-size-default\">Nos solutions<\/h2>\t\t\t\t<\/div>\n\t\t\t\t<\/div>\n\t\t\t\t\t<\/div>\n\t\t\t\t<\/div>\n\t\t<div class=\"elementor-element elementor-element-0910de5 e-flex e-con-boxed e-con e-parent\" data-id=\"0910de5\" data-element_type=\"container\" data-e-type=\"container\">\n\t\t\t\t\t<div class=\"e-con-inner\">\n\t\t\t\t<div class=\"elementor-element elementor-element-f79a909 elementor-widget elementor-widget-spacer\" data-id=\"f79a909\" data-element_type=\"widget\" data-e-type=\"widget\" data-widget_type=\"spacer.default\">\n\t\t\t\t<div class=\"elementor-widget-container\">\n\t\t\t\t\t\t\t<div class=\"elementor-spacer\">\n\t\t\t<div class=\"elementor-spacer-inner\"><\/div>\n\t\t<\/div>\n\t\t\t\t\t\t<\/div>\n\t\t\t\t<\/div>\n\t\t\t\t\t<\/div>\n\t\t\t\t<\/div>\n\t\t<div class=\"elementor-element elementor-element-ba01415 e-flex e-con-boxed e-con e-parent\" data-id=\"ba01415\" data-element_type=\"container\" data-e-type=\"container\">\n\t\t\t\t\t<div class=\"e-con-inner\">\n\t\t\t\t<div class=\"elementor-element elementor-element-edaaac8 elementor-widget elementor-widget-image\" data-id=\"edaaac8\" data-element_type=\"widget\" data-e-type=\"widget\" data-widget_type=\"image.default\">\n\t\t\t\t<div class=\"elementor-widget-container\">\n\t\t\t\t\t\t\t\t\t\t\t\t\t\t\t<img loading=\"lazy\" decoding=\"async\" width=\"1024\" height=\"683\" src=\"https:\/\/intertalents.fr\/wp-content\/uploads\/2025\/02\/DSC_3393_edit-1024x683.jpg\" class=\"attachment-large size-large wp-image-308\" alt=\"\" srcset=\"https:\/\/intertalents.fr\/wp-content\/uploads\/2025\/02\/DSC_3393_edit-1024x683.jpg 1024w, https:\/\/intertalents.fr\/wp-content\/uploads\/2025\/02\/DSC_3393_edit-300x200.jpg 300w, https:\/\/intertalents.fr\/wp-content\/uploads\/2025\/02\/DSC_3393_edit-768x512.jpg 768w, https:\/\/intertalents.fr\/wp-content\/uploads\/2025\/02\/DSC_3393_edit-1536x1024.jpg 1536w, https:\/\/intertalents.fr\/wp-content\/uploads\/2025\/02\/DSC_3393_edit-2048x1365.jpg 2048w\" sizes=\"(max-width: 1024px) 100vw, 1024px\" \/>\t\t\t\t\t\t\t\t\t\t\t\t\t\t\t<\/div>\n\t\t\t\t<\/div>\n\t\t\t\t\t<\/div>\n\t\t\t\t<\/div>\n\t\t<div class=\"elementor-element elementor-element-f1a3955 e-flex e-con-boxed e-con e-parent\" data-id=\"f1a3955\" data-element_type=\"container\" data-e-type=\"container\">\n\t\t\t\t\t<div class=\"e-con-inner\">\n\t\t\t\t<div class=\"elementor-element elementor-element-3263a79 elementor-widget elementor-widget-text-editor\" data-id=\"3263a79\" data-element_type=\"widget\" data-e-type=\"widget\" data-widget_type=\"text-editor.default\">\n\t\t\t\t<div class=\"elementor-widget-container\">\n\t\t\t\t\t\t\t\t\t<p><b>Intertalents active des communaut\u00e9s d\u2019acteurs du changement. Nous rassemblons les entrepreneurs en phase de d\u00e9marrage, en facilitant leur insertion professionnelle et leur acc\u00e8s aux financements.<\/b><\/p>\t\t\t\t\t\t\t\t<\/div>\n\t\t\t\t<\/div>\n\t\t\t\t\t<\/div>\n\t\t\t\t<\/div>\n\t\t<div class=\"elementor-element elementor-element-c7cd37c e-flex e-con-boxed e-con e-parent\" data-id=\"c7cd37c\" data-element_type=\"container\" data-e-type=\"container\">\n\t\t\t\t\t<div class=\"e-con-inner\">\n\t\t\t\t<div class=\"elementor-element elementor-element-bb7354c elementor-widget elementor-widget-spacer\" data-id=\"bb7354c\" data-element_type=\"widget\" data-e-type=\"widget\" data-widget_type=\"spacer.default\">\n\t\t\t\t<div class=\"elementor-widget-container\">\n\t\t\t\t\t\t\t<div class=\"elementor-spacer\">\n\t\t\t<div class=\"elementor-spacer-inner\"><\/div>\n\t\t<\/div>\n\t\t\t\t\t\t<\/div>\n\t\t\t\t<\/div>\n\t\t\t\t\t<\/div>\n\t\t\t\t<\/div>\n\t\t<div class=\"elementor-element elementor-element-1979e79 e-flex e-con-boxed e-con e-parent\" data-id=\"1979e79\" data-element_type=\"container\" data-e-type=\"container\">\n\t\t\t\t\t<div class=\"e-con-inner\">\n\t\t\t\t<div class=\"elementor-element elementor-element-0e26937 elementor-widget elementor-widget-heading\" data-id=\"0e26937\" data-element_type=\"widget\" data-e-type=\"widget\" data-widget_type=\"heading.default\">\n\t\t\t\t<div class=\"elementor-widget-container\">\n\t\t\t\t\t<h3 class=\"elementor-heading-title elementor-size-default\">Une Marketplace d\u2019amor\u00e7age<\/h3>\t\t\t\t<\/div>\n\t\t\t\t<\/div>\n\t\t\t\t\t<\/div>\n\t\t\t\t<\/div>\n\t\t<div class=\"elementor-element elementor-element-310265f e-flex e-con-boxed e-con e-parent\" data-id=\"310265f\" data-element_type=\"container\" data-e-type=\"container\">\n\t\t\t\t\t<div class=\"e-con-inner\">\n\t\t\t\t<div class=\"elementor-element elementor-element-2ceb138 elementor-widget elementor-widget-spacer\" data-id=\"2ceb138\" data-element_type=\"widget\" data-e-type=\"widget\" data-widget_type=\"spacer.default\">\n\t\t\t\t<div class=\"elementor-widget-container\">\n\t\t\t\t\t\t\t<div class=\"elementor-spacer\">\n\t\t\t<div class=\"elementor-spacer-inner\"><\/div>\n\t\t<\/div>\n\t\t\t\t\t\t<\/div>\n\t\t\t\t<\/div>\n\t\t\t\t\t<\/div>\n\t\t\t\t<\/div>\n\t\t<div class=\"elementor-element elementor-element-98bb8fe e-flex e-con-boxed e-con e-parent\" data-id=\"98bb8fe\" data-element_type=\"container\" data-e-type=\"container\">\n\t\t\t\t\t<div class=\"e-con-inner\">\n\t\t\t\t<div class=\"elementor-element elementor-element-43c131e elementor-widget elementor-widget-image\" data-id=\"43c131e\" data-element_type=\"widget\" data-e-type=\"widget\" data-widget_type=\"image.default\">\n\t\t\t\t<div class=\"elementor-widget-container\">\n\t\t\t\t\t\t\t\t\t\t\t\t\t\t\t<img loading=\"lazy\" decoding=\"async\" width=\"1024\" height=\"623\" src=\"https:\/\/intertalents.fr\/wp-content\/uploads\/2025\/02\/Schema-gamification-intertalents-website-1024x623.png\" class=\"attachment-large size-large wp-image-259\" alt=\"\" srcset=\"https:\/\/intertalents.fr\/wp-content\/uploads\/2025\/02\/Schema-gamification-intertalents-website-1024x623.png 1024w, https:\/\/intertalents.fr\/wp-content\/uploads\/2025\/02\/Schema-gamification-intertalents-website-300x182.png 300w, https:\/\/intertalents.fr\/wp-content\/uploads\/2025\/02\/Schema-gamification-intertalents-website-768x467.png 768w, https:\/\/intertalents.fr\/wp-content\/uploads\/2025\/02\/Schema-gamification-intertalents-website-1536x934.png 1536w, https:\/\/intertalents.fr\/wp-content\/uploads\/2025\/02\/Schema-gamification-intertalents-website-2048x1245.png 2048w\" sizes=\"(max-width: 1024px) 100vw, 1024px\" \/>\t\t\t\t\t\t\t\t\t\t\t\t\t\t\t<\/div>\n\t\t\t\t<\/div>\n\t\t\t\t\t<\/div>\n\t\t\t\t<\/div>\n\t\t<div class=\"elementor-element elementor-element-9d5087d e-flex e-con-boxed e-con e-parent\" data-id=\"9d5087d\" data-element_type=\"container\" data-e-type=\"container\">\n\t\t\t\t\t<div class=\"e-con-inner\">\n\t\t\t\t<div class=\"elementor-element elementor-element-cf0b1e5 elementor-widget elementor-widget-text-editor\" data-id=\"cf0b1e5\" data-element_type=\"widget\" data-e-type=\"widget\" data-widget_type=\"text-editor.default\">\n\t\t\t\t<div class=\"elementor-widget-container\">\n\t\t\t\t\t\t\t\t\t<p><b>La Marketplace d&#8217;amor\u00e7age est un outil innovant d\u2019acc\u00e8s aux financements pour les entrepreneurs sous la forme d\u2019opportunit\u00e9s concr\u00e8tes de tester leur offre et ainsi de renforcer leur preuve sociale au sein d\u2019une communaut\u00e9 de pairs.<\/b><\/p>\t\t\t\t\t\t\t\t<\/div>\n\t\t\t\t<\/div>\n\t\t\t\t\t<\/div>\n\t\t\t\t<\/div>\n\t\t<div class=\"elementor-element elementor-element-9cc3bc1 e-flex e-con-boxed e-con e-parent\" data-id=\"9cc3bc1\" data-element_type=\"container\" data-e-type=\"container\">\n\t\t\t\t\t<div class=\"e-con-inner\">\n\t\t\t\t<div class=\"elementor-element elementor-element-1b7e2ab elementor-widget elementor-widget-spacer\" data-id=\"1b7e2ab\" data-element_type=\"widget\" data-e-type=\"widget\" data-widget_type=\"spacer.default\">\n\t\t\t\t<div class=\"elementor-widget-container\">\n\t\t\t\t\t\t\t<div class=\"elementor-spacer\">\n\t\t\t<div class=\"elementor-spacer-inner\"><\/div>\n\t\t<\/div>\n\t\t\t\t\t\t<\/div>\n\t\t\t\t<\/div>\n\t\t\t\t\t<\/div>\n\t\t\t\t<\/div>\n\t\t<div class=\"elementor-element elementor-element-d4efb6a e-flex e-con-boxed e-con e-parent\" data-id=\"d4efb6a\" data-element_type=\"container\" data-e-type=\"container\">\n\t\t\t\t\t<div class=\"e-con-inner\">\n\t\t\t\t<div class=\"elementor-element elementor-element-7a18f0f elementor-widget elementor-widget-text-editor\" data-id=\"7a18f0f\" data-element_type=\"widget\" data-e-type=\"widget\" data-widget_type=\"text-editor.default\">\n\t\t\t\t<div class=\"elementor-widget-container\">\n\t\t\t\t\t\t\t\t\t<p>Impuls\u00e9e dans le cadre du programme <strong><a href=\"https:\/\/rtrexperience.org\/\">RtR &#8211; R\u00e9alise tes R\u00eaves<\/a><\/strong>, la Communaut\u00e9 des Talents (Association Loi 1901) regroupe pr\u00e8s de 300 talents de la m\u00e9tropole lilloise, dont 50 entrepreneurs r\u00e9f\u00e9renc\u00e9s sur la &#8220;Marketplace des Talents&#8221; (plus d\u2019une centaine de r\u00e9f\u00e9rences). Deux programmes d\u2019accompagnement (RtR R\u00e9alise tes R\u00eaves, la Boost Academy By CIC) sont affili\u00e9s, rejoints prochainement par d\u2019autres programmes d\u2019accompagnement.\u00a0<\/p>\t\t\t\t\t\t\t\t<\/div>\n\t\t\t\t<\/div>\n\t\t\t\t\t<\/div>\n\t\t\t\t<\/div>\n\t\t<div class=\"elementor-element elementor-element-59f3963 e-flex e-con-boxed e-con e-parent\" data-id=\"59f3963\" data-element_type=\"container\" data-e-type=\"container\">\n\t\t\t\t\t<div class=\"e-con-inner\">\n\t\t\t\t<div class=\"elementor-element elementor-element-69a5f5f elementor-widget elementor-widget-image\" data-id=\"69a5f5f\" data-element_type=\"widget\" data-e-type=\"widget\" data-widget_type=\"image.default\">\n\t\t\t\t<div class=\"elementor-widget-container\">\n\t\t\t\t\t\t\t\t\t\t\t\t\t\t\t<img loading=\"lazy\" decoding=\"async\" width=\"880\" height=\"495\" src=\"https:\/\/intertalents.fr\/wp-content\/uploads\/2025\/02\/vignettes-2025-copie.jpg\" class=\"attachment-large size-large wp-image-265\" alt=\"\" srcset=\"https:\/\/intertalents.fr\/wp-content\/uploads\/2025\/02\/vignettes-2025-copie.jpg 880w, https:\/\/intertalents.fr\/wp-content\/uploads\/2025\/02\/vignettes-2025-copie-300x169.jpg 300w, https:\/\/intertalents.fr\/wp-content\/uploads\/2025\/02\/vignettes-2025-copie-768x432.jpg 768w\" sizes=\"(max-width: 880px) 100vw, 880px\" \/>\t\t\t\t\t\t\t\t\t\t\t\t\t\t\t<\/div>\n\t\t\t\t<\/div>\n\t\t\t\t\t<\/div>\n\t\t\t\t<\/div>\n\t\t<div class=\"elementor-element elementor-element-c6b7fa6 e-flex e-con-boxed e-con e-parent\" data-id=\"c6b7fa6\" data-element_type=\"container\" data-e-type=\"container\">\n\t\t\t\t\t<div class=\"e-con-inner\">\n\t\t\t\t<div class=\"elementor-element elementor-element-d1d32fc elementor-widget__width-auto elementor-widget elementor-widget-button\" data-id=\"d1d32fc\" data-element_type=\"widget\" data-e-type=\"widget\" data-widget_type=\"button.default\">\n\t\t\t\t<div class=\"elementor-widget-container\">\n\t\t\t\t\t\t\t\t\t<div class=\"elementor-button-wrapper\">\n\t\t\t\t\t<a class=\"elementor-button elementor-button-link elementor-size-sm\" href=\"https:\/\/forms.gle\/FQP9Tx1FeajJxgYo8\" target=\"_blank\">\n\t\t\t\t\t\t<span class=\"elementor-button-content-wrapper\">\n\t\t\t\t\t\t\t\t\t<span class=\"elementor-button-text\"><b>Je clique pour en savoir plus<\/b><\/span>\n\t\t\t\t\t<\/span>\n\t\t\t\t\t<\/a>\n\t\t\t\t<\/div>\n\t\t\t\t\t\t\t\t<\/div>\n\t\t\t\t<\/div>\n\t\t\t\t\t<\/div>\n\t\t\t\t<\/div>\n\t\t<div class=\"elementor-element elementor-element-75248ba e-flex e-con-boxed e-con e-parent\" data-id=\"75248ba\" data-element_type=\"container\" data-e-type=\"container\">\n\t\t\t\t\t<div class=\"e-con-inner\">\n\t\t\t\t<div class=\"elementor-element elementor-element-a3afd71 elementor-widget elementor-widget-text-editor\" data-id=\"a3afd71\" data-element_type=\"widget\" data-e-type=\"widget\" data-widget_type=\"text-editor.default\">\n\t\t\t\t<div class=\"elementor-widget-container\">\n\t\t\t\t\t\t\t\t\t<p><i>La Marketplace des Talents est propuls\u00e9e par Intertalents, une entreprise \u00e0 but d\u2019impact social qui encourage ceux et celles qui osent aller \u00e0 la poursuite de leurs r\u00eaves en r\u00e9compensant leur progression.<\/i><\/p>\t\t\t\t\t\t\t\t<\/div>\n\t\t\t\t<\/div>\n\t\t\t\t\t<\/div>\n\t\t\t\t<\/div>\n\t\t<div class=\"elementor-element elementor-element-a70df4b e-flex e-con-boxed e-con e-parent\" data-id=\"a70df4b\" data-element_type=\"container\" data-e-type=\"container\">\n\t\t\t\t\t<div class=\"e-con-inner\">\n\t\t\t\t<div class=\"elementor-element elementor-element-611fdfe elementor-widget elementor-widget-spacer\" data-id=\"611fdfe\" data-element_type=\"widget\" data-e-type=\"widget\" data-widget_type=\"spacer.default\">\n\t\t\t\t<div class=\"elementor-widget-container\">\n\t\t\t\t\t\t\t<div class=\"elementor-spacer\">\n\t\t\t<div class=\"elementor-spacer-inner\"><\/div>\n\t\t<\/div>\n\t\t\t\t\t\t<\/div>\n\t\t\t\t<\/div>\n\t\t\t\t\t<\/div>\n\t\t\t\t<\/div>\n\t\t<div class=\"elementor-element elementor-element-d294bd1 e-grid e-con-boxed e-con e-parent\" data-id=\"d294bd1\" data-element_type=\"container\" data-e-type=\"container\">\n\t\t\t\t\t<div class=\"e-con-inner\">\n\t\t\t\t<div class=\"elementor-element elementor-element-c3ab556 elementor-widget elementor-widget-text-editor\" data-id=\"c3ab556\" data-element_type=\"widget\" data-e-type=\"widget\" data-widget_type=\"text-editor.default\">\n\t\t\t\t<div class=\"elementor-widget-container\">\n\t\t\t\t\t\t\t\t\t<h3>D\u00e9veloppement de communaut\u00e9<\/h3>\n<p>Des rencontres r\u00e9guli\u00e8res pour dynamiser l\u2019\u00e9cosyst\u00e8me local et favoriser les synergies entre entrepreneurs, incubateurs, universit\u00e9s, entreprises et collectivit\u00e9s.<\/p>\t\t\t\t\t\t\t\t<\/div>\n\t\t\t\t<\/div>\n\t\t\t\t<div class=\"elementor-element elementor-element-37db681 elementor-widget elementor-widget-image\" data-id=\"37db681\" data-element_type=\"widget\" data-e-type=\"widget\" data-widget_type=\"image.default\">\n\t\t\t\t<div class=\"elementor-widget-container\">\n\t\t\t\t\t\t\t\t\t\t\t\t\t\t\t<img loading=\"lazy\" decoding=\"async\" width=\"1024\" height=\"684\" src=\"https:\/\/intertalents.fr\/wp-content\/uploads\/2025\/02\/2-13-65077385_682604165536795_2479426371634331648_o-1024x684.jpg\" class=\"attachment-large size-large wp-image-235\" alt=\"\" srcset=\"https:\/\/intertalents.fr\/wp-content\/uploads\/2025\/02\/2-13-65077385_682604165536795_2479426371634331648_o-1024x684.jpg 1024w, https:\/\/intertalents.fr\/wp-content\/uploads\/2025\/02\/2-13-65077385_682604165536795_2479426371634331648_o-300x200.jpg 300w, https:\/\/intertalents.fr\/wp-content\/uploads\/2025\/02\/2-13-65077385_682604165536795_2479426371634331648_o-768x513.jpg 768w, https:\/\/intertalents.fr\/wp-content\/uploads\/2025\/02\/2-13-65077385_682604165536795_2479426371634331648_o-1536x1025.jpg 1536w, https:\/\/intertalents.fr\/wp-content\/uploads\/2025\/02\/2-13-65077385_682604165536795_2479426371634331648_o.jpg 1805w\" sizes=\"(max-width: 1024px) 100vw, 1024px\" \/>\t\t\t\t\t\t\t\t\t\t\t\t\t\t\t<\/div>\n\t\t\t\t<\/div>\n\t\t\t\t<div class=\"elementor-element elementor-element-3624967 elementor-widget elementor-widget-image\" data-id=\"3624967\" data-element_type=\"widget\" data-e-type=\"widget\" data-widget_type=\"image.default\">\n\t\t\t\t<div class=\"elementor-widget-container\">\n\t\t\t\t\t\t\t\t\t\t\t\t\t\t\t<img loading=\"lazy\" decoding=\"async\" width=\"1024\" height=\"683\" src=\"https:\/\/intertalents.fr\/wp-content\/uploads\/2025\/02\/jason-goodman-Oalh2MojUuk-unsplash-1024x683.jpg\" class=\"attachment-large size-large wp-image-307\" alt=\"\" srcset=\"https:\/\/intertalents.fr\/wp-content\/uploads\/2025\/02\/jason-goodman-Oalh2MojUuk-unsplash-1024x683.jpg 1024w, https:\/\/intertalents.fr\/wp-content\/uploads\/2025\/02\/jason-goodman-Oalh2MojUuk-unsplash-300x200.jpg 300w, https:\/\/intertalents.fr\/wp-content\/uploads\/2025\/02\/jason-goodman-Oalh2MojUuk-unsplash-768x512.jpg 768w, https:\/\/intertalents.fr\/wp-content\/uploads\/2025\/02\/jason-goodman-Oalh2MojUuk-unsplash-1536x1024.jpg 1536w, https:\/\/intertalents.fr\/wp-content\/uploads\/2025\/02\/jason-goodman-Oalh2MojUuk-unsplash-2048x1365.jpg 2048w\" sizes=\"(max-width: 1024px) 100vw, 1024px\" \/>\t\t\t\t\t\t\t\t\t\t\t\t\t\t\t<\/div>\n\t\t\t\t<\/div>\n\t\t\t\t<div class=\"elementor-element elementor-element-7bc3dda elementor-widget elementor-widget-text-editor\" data-id=\"7bc3dda\" data-element_type=\"widget\" data-e-type=\"widget\" data-widget_type=\"text-editor.default\">\n\t\t\t\t<div class=\"elementor-widget-container\">\n\t\t\t\t\t\t\t\t\t<h3>Coaching et Masterclasses<\/h3>\n<p>Soutenir l\u2019\u00e9mergence et le d\u00e9veloppement de projets entrepreneuriaux.<\/p>\t\t\t\t\t\t\t\t<\/div>\n\t\t\t\t<\/div>\n\t\t\t\t\t<\/div>\n\t\t\t\t<\/div>\n\t\t\t\t<\/div>\n\t\t","protected":false},"excerpt":{"rendered":"<p>Les d\u00e9fis En France, 4,5 millions des 18-30 ans sont d\u00e9j\u00e0 entrepreneurs ou souhaitent le devenir. Bpifrance, 2023 60% des entrepreneurs d\u00e9clarent se sentir seuls face \u00e0 leur d\u00e9fi.INSEE \/ Observatoire de l\u2019Entrepreneuriat 80% des projets \u00e9chouent par manque de clients et de march\u00e9. Projet RtR, 2020-2022 Nos solutions Intertalents active des communaut\u00e9s d\u2019acteurs du [&hellip;]<\/p>\n","protected":false},"author":2,"featured_media":55,"parent":0,"menu_order":0,"comment_status":"closed","ping_status":"closed","template":"","meta":{"saved_in_kubio":true,"footnotes":""},"class_list":["post-34","page","type-page","status-publish","has-post-thumbnail","hentry"],"kubio_ai_page_context":{"short_desc":"","purpose":"general"},"_links":{"self":[{"href":"https:\/\/intertalents.fr\/index.php\/wp-json\/wp\/v2\/pages\/34","targetHints":{"allow":["GET"]}}],"collection":[{"href":"https:\/\/intertalents.fr\/index.php\/wp-json\/wp\/v2\/pages"}],"about":[{"href":"https:\/\/intertalents.fr\/index.php\/wp-json\/wp\/v2\/types\/page"}],"author":[{"embeddable":true,"href":"https:\/\/intertalents.fr\/index.php\/wp-json\/wp\/v2\/users\/2"}],"replies":[{"embeddable":true,"href":"https:\/\/intertalents.fr\/index.php\/wp-json\/wp\/v2\/comments?post=34"}],"version-history":[{"count":26,"href":"https:\/\/intertalents.fr\/index.php\/wp-json\/wp\/v2\/pages\/34\/revisions"}],"predecessor-version":[{"id":332,"href":"https:\/\/intertalents.fr\/index.php\/wp-json\/wp\/v2\/pages\/34\/revisions\/332"}],"wp:featuredmedia":[{"embeddable":true,"href":"https:\/\/intertalents.fr\/index.php\/wp-json\/wp\/v2\/media\/55"}],"wp:attachment":[{"href":"https:\/\/intertalents.fr\/index.php\/wp-json\/wp\/v2\/media?parent=34"}],"curies":[{"name":"wp","href":"https:\/\/api.w.org\/{rel}","templated":true}]}}